{"id":1559,"date":"2025-06-02T10:53:32","date_gmt":"2025-06-02T10:53:32","guid":{"rendered":"https:\/\/smartplace.pt\/contact\/"},"modified":"2025-12-23T10:50:04","modified_gmt":"2025-12-23T10:50:04","slug":"contact","status":"publish","type":"page","link":"https:\/\/smartplace.pt\/en\/contact\/","title":{"rendered":"Contact"},"content":{"rendered":"\n<section id=\"contact-block_f6e2e0a4f3ca75f46da41842fb0f8b50\" class=\"contact\">\n\n  <div class=\"contact__column contact__column--content\">\n\n    <div class=\"container\" data-aos=\"fade-up\">\n\n            <h3 class=\"contact__tag tag\">Contact<\/h3>\n      \n            <h3 class=\"contact__title h-l\">Let&#8217;s chat<\/h3>\n      \n            <div class=\"contact__content\">\n        <p>If you have any questions about SMARTPLACE, or if you already know you want us to work for you, here\u2019s how to get in touch:<\/p>\n      <\/div>\n      \n            <ul class=\"contact__links unstyled-list\">\n            <li class=\"contact__link-item\">\n        <a\n          class=\"contact__link h-s\"\n          href=\"mailto:mmk@smartplace.com.pl\">mmk@smartplace.com.pl<\/a>\n      <\/li>\n            <li class=\"contact__link-item\">\n        <a\n          class=\"contact__link h-s\"\n          href=\"tel:0048602443176\">+48 602 443 176<\/a>\n      <\/li>\n            <\/ul>\n      \n    <\/div>\n\n  <\/div>\n\n  <div class=\"contact__column contact__column--form\" data-aos=\"fade\">\n\n    \n      <img loading=\"lazy\" decoding=\"async\" width=\"1280\" height=\"1920\" src=\"https:\/\/smartplace.pt\/wp-content\/uploads\/2025\/12\/3K6A0172-6web-1280x1920.jpg\" class=\"contact__bg-image portrait\" alt=\"\" srcset=\"https:\/\/smartplace.pt\/wp-content\/uploads\/2025\/12\/3K6A0172-6web-1280x1920.jpg 1280w, https:\/\/smartplace.pt\/wp-content\/uploads\/2025\/12\/3K6A0172-6web-853x1280.jpg 853w, https:\/\/smartplace.pt\/wp-content\/uploads\/2025\/12\/3K6A0172-6web-480x720.jpg 480w, https:\/\/smartplace.pt\/wp-content\/uploads\/2025\/12\/3K6A0172-6web-768x1152.jpg 768w, https:\/\/smartplace.pt\/wp-content\/uploads\/2025\/12\/3K6A0172-6web-1024x1536.jpg 1024w, https:\/\/smartplace.pt\/wp-content\/uploads\/2025\/12\/3K6A0172-6web.jpg 1365w\" sizes=\"auto, (max-width: 1280px) 100vw, 1280px\" \/>\n    \n    \n      \n<div class=\"wpcf7 no-js\" id=\"wpcf7-f1815-o1\" lang=\"en-US\" dir=\"ltr\" data-wpcf7-id=\"1815\">\n<div class=\"screen-reader-response\"><p role=\"status\" aria-live=\"polite\" aria-atomic=\"true\"><\/p> <ul><\/ul><\/div>\n<form action=\"\/en\/wp-json\/wp\/v2\/pages\/1559#wpcf7-f1815-o1\" method=\"post\" class=\"wpcf7-form init\" aria-label=\"Contact form\" novalidate=\"novalidate\" data-status=\"init\">\n<fieldset class=\"hidden-fields-container\"><input type=\"hidden\" name=\"_wpcf7\" value=\"1815\" \/><input type=\"hidden\" name=\"_wpcf7_version\" value=\"6.1.4\" \/><input type=\"hidden\" name=\"_wpcf7_locale\" value=\"en_US\" \/><input type=\"hidden\" name=\"_wpcf7_unit_tag\" value=\"wpcf7-f1815-o1\" \/><input type=\"hidden\" name=\"_wpcf7_container_post\" value=\"0\" \/><input type=\"hidden\" name=\"_wpcf7_posted_data_hash\" value=\"\" \/><input type=\"hidden\" name=\"_wpcf7_recaptcha_response\" value=\"\" \/>\n<\/fieldset>\n<label class=\"wpcf7-label\">Name<\/label>\n<span class=\"wpcf7-form-control-wrap\" data-name=\"your-name\"><input size=\"40\" maxlength=\"400\" class=\"wpcf7-form-control wpcf7-text wpcf7-validates-as-required\" aria-required=\"true\" aria-invalid=\"false\" value=\"\" type=\"text\" name=\"your-name\" \/><\/span>\n\n<label class=\"wpcf7-label\">Email<\/label>\n<span class=\"wpcf7-form-control-wrap\" data-name=\"your-email\"><input size=\"40\" maxlength=\"400\" class=\"wpcf7-form-control wpcf7-email wpcf7-validates-as-required wpcf7-text wpcf7-validates-as-email\" aria-required=\"true\" aria-invalid=\"false\" value=\"\" type=\"email\" name=\"your-email\" \/><\/span>\n\n<label class=\"wpcf7-label\">Message<\/label>\n<span class=\"wpcf7-form-control-wrap\" data-name=\"your-message\"><textarea cols=\"40\" rows=\"10\" maxlength=\"2000\" class=\"wpcf7-form-control wpcf7-textarea\" aria-invalid=\"false\" placeholder=\"Write your message...\" name=\"your-message\"><\/textarea><\/span>\n\n<span class=\"wpcf7-form-control-wrap\" data-name=\"acceptance-784\"><span class=\"wpcf7-form-control wpcf7-acceptance\"><span class=\"wpcf7-list-item\"><label><input type=\"checkbox\" name=\"acceptance-784\" value=\"1\" aria-invalid=\"false\" \/><span class=\"wpcf7-list-item-label\">Wyra\u017cam zgod\u0119 na przetwarzanie moich danych osobowych w celu obs\u0142ugi zapytania przes\u0142anego przez formularz. Zosta\u0142em\/am poinformowany\/a, \u017ce podanie danych jest dobrowolne, ale niezb\u0119dne do udzielenia odpowiedzi, oraz \u017ce przys\u0142uguje mi prawo dost\u0119pu do tre\u015bci moich danych i ich poprawiania.<\/span><\/label><\/span><\/span><\/span>\n\n<input class=\"wpcf7-form-control wpcf7-submit has-spinner button button--green\" type=\"submit\" value=\"Submit\" \/><div class=\"wpcf7-response-output\" aria-hidden=\"true\"><\/div>\n<\/form>\n<\/div>\n\n    \n  <\/div>\n\n<\/section>","protected":false},"excerpt":{"rendered":"","protected":false},"author":1,"featured_media":0,"parent":0,"menu_order":0,"comment_status":"closed","ping_status":"closed","template":"","meta":{"_acf_changed":false,"inline_featured_image":false,"footnotes":""},"class_list":["post-1559","page","type-page","status-publish","hentry"],"acf":[],"_links":{"self":[{"href":"https:\/\/smartplace.pt\/en\/wp-json\/wp\/v2\/pages\/1559","targetHints":{"allow":["GET"]}}],"collection":[{"href":"https:\/\/smartplace.pt\/en\/wp-json\/wp\/v2\/pages"}],"about":[{"href":"https:\/\/smartplace.pt\/en\/wp-json\/wp\/v2\/types\/page"}],"author":[{"embeddable":true,"href":"https:\/\/smartplace.pt\/en\/wp-json\/wp\/v2\/users\/1"}],"replies":[{"embeddable":true,"href":"https:\/\/smartplace.pt\/en\/wp-json\/wp\/v2\/comments?post=1559"}],"version-history":[{"count":3,"href":"https:\/\/smartplace.pt\/en\/wp-json\/wp\/v2\/pages\/1559\/revisions"}],"predecessor-version":[{"id":1816,"href":"https:\/\/smartplace.pt\/en\/wp-json\/wp\/v2\/pages\/1559\/revisions\/1816"}],"wp:attachment":[{"href":"https:\/\/smartplace.pt\/en\/wp-json\/wp\/v2\/media?parent=1559"}],"curies":[{"name":"wp","href":"https:\/\/api.w.org\/{rel}","templated":true}]}}